{"id":2424,"date":"2020-04-02T19:04:19","date_gmt":"2020-04-02T17:04:19","guid":{"rendered":"https:\/\/cascinabo.it\/datenschutz\/"},"modified":"2020-07-02T11:53:04","modified_gmt":"2020-07-02T09:53:04","slug":"privacy","status":"publish","type":"page","link":"https:\/\/cascinabo.it\/it\/privacy\/","title":{"rendered":"Privacy"},"content":{"rendered":"\t\t<div data-elementor-type=\"wp-page\" data-elementor-id=\"2424\" class=\"elementor elementor-2424 elementor-1610\">\n\t\t\t\t\t\t<div class=\"elementor-inner\">\n\t\t\t\t<div class=\"elementor-section-wrap\">\n\t\t\t\t\t\t\t\t\t<section class=\"elementor-section elementor-top-section elementor-element elementor-element-772e6ce7 elementor-section-stretched elementor-section-boxed elementor-section-height-default elementor-section-height-default\" data-id=\"772e6ce7\" data-element_type=\"section\" data-settings=\"{&quot;stretch_section&quot;:&quot;section-stretched&quot;,&quot;background_background&quot;:&quot;classic&quot;}\">\n\t\t\t\t\t\t\t<div class=\"elementor-background-overlay\"><\/div>\n\t\t\t\t\t\t\t<div class=\"elementor-container elementor-column-gap-default\">\n\t\t\t\t\t\t\t<div class=\"elementor-row\">\n\t\t\t\t\t<div class=\"elementor-column elementor-col-100 elementor-top-column elementor-element elementor-element-3d2cf27c\" data-id=\"3d2cf27c\" data-element_type=\"column\">\n\t\t\t<div class=\"elementor-column-wrap elementor-element-populated\">\n\t\t\t\t\t\t\t<div class=\"elementor-widget-wrap\">\n\t\t\t\t\t\t<section class=\"elementor-section elementor-inner-section elementor-element elementor-element-4fd1d28f elementor-section-boxed elementor-section-height-default elementor-section-height-default\" data-id=\"4fd1d28f\" data-element_type=\"section\">\n\t\t\t\t\t\t<div class=\"elementor-container elementor-column-gap-default\">\n\t\t\t\t\t\t\t<div class=\"elementor-row\">\n\t\t\t\t\t<div class=\"elementor-column elementor-col-100 elementor-inner-column elementor-element elementor-element-56093995\" data-id=\"56093995\" data-element_type=\"column\">\n\t\t\t<div class=\"elementor-column-wrap elementor-element-populated\">\n\t\t\t\t\t\t\t<div class=\"elementor-widget-wrap\">\n\t\t\t\t\t\t<div class=\"elementor-element elementor-element-26dedf0a elementor-widget elementor-widget-image\" data-id=\"26dedf0a\" data-element_type=\"widget\" data-widget_type=\"image.default\">\n\t\t\t\t<div class=\"elementor-widget-container\">\n\t\t\t\t\t\t\t\t<div class=\"elementor-image\">\n\t\t\t\t\t\t\t\t\t\t\t\t\t<a href=\"https:\/\/cascinabo.it\/it\">\n\t\t\t\t\t\t\t<img width=\"1438\" height=\"1547\" src=\"https:\/\/cascinabo.it\/wp-content\/uploads\/2020\/03\/Urlaub-in-Canelli-Italien-1-1.png\" class=\"attachment-full size-full wp-image-1221\" alt=\"Urlaub in Canelli Italien\" loading=\"lazy\" srcset=\"https:\/\/cascinabo.it\/wp-content\/uploads\/2020\/03\/Urlaub-in-Canelli-Italien-1-1.png 1438w, https:\/\/cascinabo.it\/wp-content\/uploads\/2020\/03\/Urlaub-in-Canelli-Italien-1-1-279x300.png 279w, https:\/\/cascinabo.it\/wp-content\/uploads\/2020\/03\/Urlaub-in-Canelli-Italien-1-1-952x1024.png 952w, https:\/\/cascinabo.it\/wp-content\/uploads\/2020\/03\/Urlaub-in-Canelli-Italien-1-1-768x826.png 768w, https:\/\/cascinabo.it\/wp-content\/uploads\/2020\/03\/Urlaub-in-Canelli-Italien-1-1-1428x1536.png 1428w, https:\/\/cascinabo.it\/wp-content\/uploads\/2020\/03\/Urlaub-in-Canelli-Italien-1-1-440x473.png 440w, https:\/\/cascinabo.it\/wp-content\/uploads\/2020\/03\/Urlaub-in-Canelli-Italien-1-1-600x645.png 600w\" sizes=\"(max-width: 1438px) 100vw, 1438px\" \/>\t\t\t\t\t\t\t\t<\/a>\n\t\t\t\t\t\t\t\t\t\t\t\t\t\t<\/div>\n\t\t\t\t\t\t<\/div>\n\t\t\t\t<\/div>\n\t\t\t\t<div class=\"elementor-element elementor-element-21b96849 elementor-widget elementor-widget-spacer\" data-id=\"21b96849\" data-element_type=\"widget\" data-widget_type=\"spacer.default\">\n\t\t\t\t<div class=\"elementor-widget-container\">\n\t\t\t\t\t<div class=\"elementor-spacer\">\n\t\t\t<div class=\"elementor-spacer-inner\"><\/div>\n\t\t<\/div>\n\t\t\t\t<\/div>\n\t\t\t\t<\/div>\n\t\t\t\t\t\t<\/div>\n\t\t\t\t\t<\/div>\n\t\t<\/div>\n\t\t\t\t\t\t\t\t<\/div>\n\t\t\t\t\t<\/div>\n\t\t<\/section>\n\t\t\t\t\t\t<\/div>\n\t\t\t\t\t<\/div>\n\t\t<\/div>\n\t\t\t\t\t\t\t\t<\/div>\n\t\t\t\t\t<\/div>\n\t\t<\/section>\n\t\t\t\t<section class=\"elementor-section elementor-top-section elementor-element elementor-element-14b1400 elementor-section-boxed elementor-section-height-default elementor-section-height-default\" data-id=\"14b1400\" data-element_type=\"section\">\n\t\t\t\t\t\t<div class=\"elementor-container elementor-column-gap-default\">\n\t\t\t\t\t\t\t<div class=\"elementor-row\">\n\t\t\t\t\t<div class=\"elementor-column elementor-col-100 elementor-top-column elementor-element elementor-element-16aeacc5\" data-id=\"16aeacc5\" data-element_type=\"column\">\n\t\t\t<div class=\"elementor-column-wrap elementor-element-populated\">\n\t\t\t\t\t\t\t<div class=\"elementor-widget-wrap\">\n\t\t\t\t\t\t<div class=\"elementor-element elementor-element-575e8eaa animated-fast elementor-invisible elementor-widget elementor-widget-heading\" data-id=\"575e8eaa\" data-element_type=\"widget\" data-settings=\"{&quot;_animation&quot;:&quot;fadeInUp&quot;}\" data-widget_type=\"heading.default\">\n\t\t\t\t<div class=\"elementor-widget-container\">\n\t\t\t<h6 class=\"elementor-heading-title elementor-size-default\">#CASCINABO<\/h6>\t\t<\/div>\n\t\t\t\t<\/div>\n\t\t\t\t<div class=\"elementor-element elementor-element-21f465d7 elementor-widget elementor-widget-spacer\" data-id=\"21f465d7\" data-element_type=\"widget\" data-widget_type=\"spacer.default\">\n\t\t\t\t<div class=\"elementor-widget-container\">\n\t\t\t\t\t<div class=\"elementor-spacer\">\n\t\t\t<div class=\"elementor-spacer-inner\"><\/div>\n\t\t<\/div>\n\t\t\t\t<\/div>\n\t\t\t\t<\/div>\n\t\t\t\t<div class=\"elementor-element elementor-element-bdaf47d elementor-widget elementor-widget-text-editor\" data-id=\"bdaf47d\" data-element_type=\"widget\" data-widget_type=\"text-editor.default\">\n\t\t\t\t<div class=\"elementor-widget-container\">\n\t\t\t\t\t\t\t\t<div class=\"elementor-text-editor elementor-clearfix\">\n\t\t\t\t<h2><span style=\"color: #000000;\">Privacy\u00a0<\/span><\/h2><div><h2><span style=\"color: #000000;\">1. Indicazioni generali<\/span><\/h2><p>Le seguenti indicazioni servono a delineare un quadro generale di cosa accade ai vostri dati personali quando visitate il nostro sito web. I dati personali sono tutti quei dati con i quali potete venire identificati personalmente. Nell\u2019informativa sulla privacy che segue questo testo troverete informazioni dettagliate riguardanti la tutela dei dati.<\/p><h3><span style=\"color: #000000;\">Registrazione dei dati nel nostro sito<\/span><\/h3><h4><span style=\"color: #000000;\">Chi \u00e8 responsabile della registrazione dei dati in questo sito?<\/span><\/h4><p>Il trattamento dei dati in questo sito viene eseguito dagli amministratori, i cui contatti si trovano nel impressum del sito.<\/p><h4><span style=\"color: #000000;\">Come rileviamo i vostri dati?<\/span><\/h4><p>Alcuni dei dati raccolti sono quelli che voi stessi ci trasmettere; nel nostro caso, ad esempio, pu\u00f2 trattarsi dei dati che inserite in un modulo di contatto.<\/p><p>Altri dati invece vengono raccolti automaticamente dai nostri sistemi IT. Si tratta principalmente di dati tecnici (ad esempio il browser, il sistema operativo o l\u2019ora della consultazione della pagina web). La registrazione di questi dati avviene automaticamente non appena accedete al nostro sito.<\/p><h4><span style=\"color: #000000;\">A quale scopo utilizziamo i vostri dati?<\/span><\/h4><p>Una parte dei dati registrati serve a garantire il corretto funzionamento della pagina web. Altri dati vengono invece utilizzati per l\u2019analisi del comportamento dell\u2019utente.<\/p><h4><span style=\"color: #000000;\">Quali sono i vostri diritti per quanto riguarda i vostri dati?<\/span><\/h4><p>In qualsiasi momento avete il diritto di informativa gratuita sulla provenienza, sui destinatari e sullo scopo dei vostri dati personali salvati. Inoltre avete il diritto di esigere la rettifica, il blocco o la cancellazione di tali dati. In merito a quanto menzionato e qualora abbiate ulteriori domande riguardanti la tutela della privacy, potete rivolgervi a noi in qualsiasi momento all\u2019indirizzo che trovate nel impressum. Avete inoltre il diritto di porre reclamo ad un\u2019autorit\u00e0 di controllo competente.<\/p><h3><span style=\"color: #000000;\">Strumenti di analisi e strumenti di terze parti<\/span><\/h3><p>Quando visitate il nostro sito web, il vostro comportamento di navigazione pu\u00f2 essere analizzato a fini statistici. Questo avviene attraverso i cookies e con i cosiddetti programmi di analisi. L\u2019analisi del vostro comportamento in rete avviene normalmente in forma anonima e dunque non pu\u00f2 ricondurre alla vostra identificazione. Potete opporvi a quest\u2019analisi o impedirla attraverso il non utilizzo di determinati strumenti. A questo proposito troverete informazioni dettagliate nella seguente informativa sulla privacy.<\/p><p>\u00c8 possibile opporsi a quest\u2019analisi. Nella presente informativa sulla privacy forniremo tutte le informazioni a riguardo.<\/p><h2><span style=\"color: #000000;\">2. Indicazioni generali e informazioni obbligatorie<\/span><\/h2><h3><span style=\"color: #000000;\">Protezione dei dati personali<\/span><\/h3><p>Gli amministratori di questo sito web si occupano della protezione dei vostri dati con seriet\u00e0. Trattiamo i vostri dati personali con riservatezza e conformemente alle norme in materia di protezione dei dati personali e a quest\u2019informativa sulla privacy.<\/p><p>Quando utilizzate il presente sito web vengono registrati diversi dati personali. I dati personali sono tutti quei dati con i quali potete venire identificati. La presente informativa sulla privacy illustra quali dati registriamo e a quali fini li utilizziamo. Viene spiegato anche come e a quale scopo avviene questa registrazione.<\/p><p>Segnaliamo inoltre che la trasmissione dei dati via internet (per esempio tramite email) pu\u00f2 comportare dei rischi per la sicurezza. Non \u00e8 dunque possibile garantire la sicurezza assoluta dei dati senza accesso da parte di terzi.<\/p><h3><span style=\"color: #000000;\">Indicazioni sull\u2019organismo responsabile<\/span><\/h3><p>L\u2019organismo responsabile del trattamento dei dati nel presente sito \u00e8:<\/p><p>Cascina Bo<br \/>di Schwaninger Hans-J\u00f6rg<br \/>Reg. Castellazzi 26<br \/>14053 CANELLI &#8211; ITALIA<\/p><p>Telefono: +39 339 370 0779<br \/>E-mail: info@cascinabo.it<\/p><p>L\u2019organismo responsabile \u00e8 la persona fisica o giuridica che, da sola o con altri, decide i fini e i mezzi con i quali avviene l\u2019elaborazione dei dati personali (ad esempio nome, indirizzo email o altro).<\/p><h3><span style=\"color: #000000;\">Revoca del consenso al trattamento dei dati<\/span><\/h3><p>Molte operazioni di trattamento dei dati sono possibili solamente con il vostro esplicito consenso. Il consenso concesso pu\u00f2 essere revocato in qualsiasi momento. A tale scopo \u00e8 sufficiente una comunicazione informale per email indirizzata a noi. La revoca del consenso non compromette la liceit\u00e0 del trattamento dei dati basata sul consenso dato prima di essa.<\/p><h3><span style=\"color: #000000;\">Diritto di opporsi<\/span><\/h3><p>Ogni interessato ha il diritto, riconosciutogli dal legislatore europeo di opporsi, per motivi relativi alla propria situazione particolare, in qualsiasi momento, al trattamento di dati personali che lo riguardano, basandosi sul punto (e) o (f) ) dell\u2019articolo 6, paragrafo 1, del GDPR. Questo vale anche per la profilazione basata su queste disposizioni.<\/p><p>Non elaboreremo i dati personali in caso di opposizione, a meno che non saremo in grado di dimostrare validi motivi legittimi per l\u2019elaborazione, che prevalgono sugli interessi, i diritti e le libert\u00e0 dell\u2019interessato, o per l\u2019istituzione, l\u2019esercizio o la difesa di rivendicazioni legali.<\/p><p>Se elaboriamo i dati personali per scopi di marketing diretto, l\u2019interessato ha il diritto di opporsi in qualsiasi momento al trattamento dei dati personali che lo riguardano per tale marketing. Ci\u00f2 si applica alla profilazione nella misura in cui \u00e8 correlata a tale marketing diretto. Se l\u2019interessato si oppone al trattamento per finalit\u00e0 di marketing diretto, non elaboreremo pi\u00f9 i dati personali per tali scopi.<\/p><h3><span style=\"color: #000000;\">Cifratura SSL o TLS<\/span><\/h3><p>Questa pagina, per motivi di sicurezza e per la tutela della trasmissione di contenuti riservati, come ordini o richieste che potete inviare a noi quali gestori del sito, utilizza una cifratura SSL o TLS. Una connessione crittografata \u00e8 riconoscibile dal fatto che l\u2019indirizzo del browser cambia da \u201chttp:\/\/\u201d a https:\/\/ e dal simbolo del lucchetto nella barra del browser.<\/p><p>Quando la cifratura SSL o TLS \u00e8 attivata i dati che ci trasmettete non possono essere letti da terzi.<\/p><h3><span style=\"color: #000000;\">Informativa, blocco, cancellazione<\/span><\/h3><p>Nell\u2019ambito delle disposizioni di legge vigenti avete, in qualsiasi momento, il diritto di informativa gratuita sui vostri dati personali salvati, sulla provenienza, sui destinatari e sullo scopo dell\u2019elaborazione dei dati ed eventualmente avete diritto alla rettifica, al blocco e alla cancellazione di essi. In merito a quanto menzionato o qualora abbiate ulteriori domande riguardanti la tutela della privacy, potete rivolgervi a noi in qualsiasi momento all\u2019indirizzo che trovate nel impressum.<\/p><h3><span style=\"color: #000000;\">Diritto di restrizione dell\u2019elaborazione<\/span><\/h3><p>Ogni interessato ha il diritto, concessogli dal legislatore europeo, di ottenere dal responsabile del trattamento la limitazione del trattamento qualora si applichi una delle seguenti condizioni:<\/p><ul><li>L\u2019accuratezza dei dati personali \u00e8 contestata dall\u2019interessato, per un periodo che consente al responsabile del trattamento di verificare l\u2019esattezza dei dati personali.<\/li><li>Il trattamento \u00e8 illegale e l\u2019interessato si oppone alla cancellazione dei dati personali e richiede invece la limitazione del loro uso.<\/li><li>Il responsabile del trattamento non ha pi\u00f9 bisogno dei dati personali ai fini del trattamento, ma sono richiesti dall\u2019interessato per l\u2019istituzione, l\u2019esercizio o la difesa di rivendicazioni legali.<\/li><li>L\u2019interessato ha contestato il trattamento ai sensi dell\u2019articolo 21, paragrafo 1, del GDPR in attesa della verifica che i motivi legittimi del responsabile prevalgano su quelli dell\u2019interessato.<\/li><\/ul><p>Se una delle suddette condizioni \u00e8 soddisfatta e l\u2019interessato desidera richiedere la limitazione del trattamento dei dati personali da noi memorizzati, pu\u00f2 in qualsiasi momento contattare qualsiasi dipendente del responsabile del trattamento. I nostri dipendenti si occuperanno della restrizione dell\u2019elaborazione.<\/p><h3><span style=\"color: #000000;\">Opposizione a messaggi pubblicitari per e-mail<\/span><\/h3><p>Con la presente ci opponiamo all\u2019utilizzo dei dati di contatto sottoposti ad obbligo di pubblicazione nel colophon per la spedizione di materiale pubblicitario e informativo che non sia stato espressamente richiesto. Gli amministratori dei siti si riservano espressamente azioni legali in caso di spedizione non richiesta di informazioni pubblicitarie, come ad esempio email spam.<\/p><h2><span style=\"color: #000000;\">3. Rilevamento dei dati nel nostro sito<\/span><\/h2><h3><span style=\"color: #000000;\">Cookie<\/span><\/h3><p>I siti internet utilizzano in parte i cosiddetti cookie. I cookie non provocano danni al vostro computer e non contengono virus. I cookie servono a rendere la nostra offerta pi\u00f9 facile da utilizzare per l\u2019utente, pi\u00f9 effettiva e pi\u00f9 sicura. I cookie sono piccoli file di testo che vengono archiviati nel vostro computer e salvati dal vostro browser.<\/p><p>La maggior parte dei cookie che utilizziamo sono i cosiddetti \u201ccookie di sessione\u201d, ovvero cookie che si cancellano automaticamente alla fine di una sessione. Altri cookie invece restano salvati nel vostro apparecchio terminale fino a che non sarete voi stessi a cancellarli. Questi ultimi ci permettono di riconoscere il vostro browser alla sessione successiva nel nostro sito.<\/p><p>Potete impostare il vostro browser in maniera tale da venire informati sul salvataggio dei cookie, da poter autorizzarlo solo in singoli casi o in determinati casi o da poterlo escluderlo; \u00e8 anche possibile attivare la cancellazione automatica dei cookie alla chiusura del browser. La disattivazione dei cookie pu\u00f2 limitare la funzionalit\u00e0 del presente sito.<\/p><p>I cookie indispensabili all\u2019esecuzione del processo di comunicazione telematica o alla predisposizione di determinate funzioni da voi desiderate (per esempio la funzione del carrello) vengono salvati in base all\u2019articolo 6 capoverso 1 lit. f del RGPD. L\u2019amministratore del sito ha un legittimo interesse alla memorizzazione dei cookie al fine di ottenere un\u2019ottimale predisposizione dei suoi servizi, priva di errori tecnici. Gli altri cookie salvati (come ad esempio i cookie finalizzati all\u2019analisi del vostro comportamento in rete) nella presente informativa vengono trattati separatamente.<\/p><h3><span style=\"color: #000000;\">File di log del server<\/span><\/h3><p>Il provider dei siti web registra e memorizza automaticamente le informazioni nei cosiddetti file di log del server, che il vostro browser trasmette automaticamente a noi. Si tratta di:<\/p><ul><li>tipo e versione del browser<\/li><li>referer URL<\/li><li>sistema operativo utilizzato<\/li><li>ora della richiesta al server<\/li><li>hostname del computer con cui si effettua l\u2018accesso<\/li><li>indirizzo IP<\/li><\/ul><p>Non si effettua un ricongiungimento di questi dati con altre fonti di dati.<\/p><p>L\u2019elaborazione dei dati \u00e8 consentita dall\u2019articolo 6, capoverso 1 lit. b del RGPD, che permette l\u2019elaborazione dei dati ai fini dell\u2019adempimento di un contratto o di misure precontrattuali.<\/p><h3><span style=\"color: #000000;\">Modulo di contatto<\/span><\/h3><p>Se ci fate pervenire delle richieste tramite il modulo di contatto, i vostri dati inseriti in quest\u2019ultimo, compresi i dati di contatto, vengono salvati ai fini dell\u2019elaborazione della richiesta o di successive domande. Non trasmettiamo per\u00f2 questi dati senza il vostro consenso.<\/p><p>L\u2019elaborazione dei dati inseriti nel modulo di contatto avviene esclusivamente sulla base del vostro consenso (articolo 6, capoverso 1 lit. a del RGPD). Il consenso concesso pu\u00f2 essere revocato in qualsiasi momento. A tale scopo \u00e8 sufficiente una comunicazione informale per email indirizzata a noi. La revoca del consenso non compromette la liceit\u00e0 del trattamento dei dati basata sul consenso dato prima di essa.<\/p><p>I dati che inserite nel modulo di contatto rimangono presso di noi fino a che non ne richiedete la cancellazione o revocate il consenso alla memorizzazione o fino a che non decade la ragione per cui tali dati vengono elaborati (ad esempio una volta conclusa l\u2019elaborazione della vostra richiesta). Non vengono modificate cogenti disposizioni legislative, in particolare le scadenze di conservazione.<\/p><p>Die Verarbeitung dieser Daten erfolgt auf Grundlage von Art. 6 Abs. 1 lit. b DSGVO, sofern Ihre Anfrage mit der Erf\u00fcllung eines Vertrags zusammenh\u00e4ngt oder zur Durchf\u00fchrung vorvertraglicher Ma\u00dfnahmen erforderlich ist. In allen \u00fcbrigen F\u00e4llen beruht die Verarbeitung auf Ihrer Einwilligung (Art. 6 Abs. 1 lit. a DSGVO) und\/oder auf unseren berechtigten Interessen (Art. 6 Abs. 1 lit. f DSGVO), da wir ein berechtigtes Interesse an der effektiven Bearbeitung der an uns gerichteten Anfragen haben.<\/p><h2><span style=\"color: #000000;\">4. Plugins e strumenti<\/span><\/h2><h3><span style=\"color: #000000;\">Web Fonts di Google<\/span><\/h3><p>Per avere dei caratteri di scrittura omogenei questo sito utilizza i cosiddetti Web Fonts messi a disposizione da Google. Quando aprite una pagina il vostro browser carica i Web Fonts necessari nella cache del browser per mostrare correttamente i testi e i caratteri.<\/p><p>Per ottenere ci\u00f2, il browser che utilizzate deve stabilire un collegamento con i server di Google. In questo modo Google rileva che il nostro sito \u00e8 stato aperto tramite il vostro indirizzo IP. I Web Fonts di Google vengono utilizzati per avere una presentazione omogenea e adeguata delle nostre offerte online. Si tratta di un legittimo interesse ai sensi dell\u2019articolo 6 capoverso 1 lit. f del RGPD.<\/p><p>Se il vostro browser non supporta i Web Fonts, il vostro computer utilizza una scrittura standard.<\/p><p>Ulteriori informazioni sui Web Fonts sono disponibili al seguente link:\u00a0<a href=\"https:\/\/developers.google.com\/fonts\/faq\">https:\/\/developers.google.com\/fonts\/faq<\/a>\u00a0e nell\u2019informativa sulla privacy di Google.<\/p><h3><span style=\"color: #000000;\">Google Maps<\/span><\/h3><p>Il presente sito si serve di un\u2019API del servizio di cartografia Google Maps, azienda Google Ireland Limited, Gordon House, Barrow Street, Dublin 4, Irland.<\/p><p>Per utilizzare le funzioni di Google Maps \u00e8 necessario salvare il vostro indirizzo IP. Queste informazioni vengono di norma trasmesse ad un server di Google negli Stati Uniti, dove vengono memorizzate. Gli amministratori di questo sito non possono interferire in alcun modo con questa trasmissione di dati.<\/p><p>Utilizziamo il servizio di Google Maps per avere una presentazione adeguata delle nostre offerte online e per rendere pi\u00f9 facilmente rintracciabili i luoghi che indichiamo nel nostro sito web. Si tratta di un legittimo interesse ai sensi dell\u2019articolo 6 capoverso 1 lit. f. del RGPD.<\/p><p>Ulteriori informazioni sull\u2019utilizzo dei dati dell\u2019utente sono disponibili nell\u2019informativa sulla privacy di Google al seguente link:\u00a0<a href=\"https:\/\/www.google.de\/intl\/de\/policies\/privacy\/\">https:\/\/www.google.de\/intl\/de\/policies\/privacy\/<\/a>.<\/p><\/div>\t\t\t\t\t<\/div>\n\t\t\t\t\t\t<\/div>\n\t\t\t\t<\/div>\n\t\t\t\t\t\t<\/div>\n\t\t\t\t\t<\/div>\n\t\t<\/div>\n\t\t\t\t\t\t\t\t<\/div>\n\t\t\t\t\t<\/div>\n\t\t<\/section>\n\t\t\t\t\t\t\t\t\t<\/div>\n\t\t\t<\/div>\n\t\t\t\t\t<\/div>\n\t\t","protected":false},"excerpt":{"rendered":"<p>#CASCINABO Privacy&nbsp; 1. Indicazioni generali Le seguenti indicazioni servono a delineare un quadro generale di cosa accade ai vostri dati personali quando visitate il nostro sito web. I dati personali sono tutti quei dati con i quali potete venire identificati [&hellip;]<\/p>\n","protected":false},"author":1,"featured_media":0,"parent":0,"menu_order":0,"comment_status":"closed","ping_status":"closed","template":"","meta":[],"_links":{"self":[{"href":"https:\/\/cascinabo.it\/it\/wp-json\/wp\/v2\/pages\/2424"}],"collection":[{"href":"https:\/\/cascinabo.it\/it\/wp-json\/wp\/v2\/pages"}],"about":[{"href":"https:\/\/cascinabo.it\/it\/wp-json\/wp\/v2\/types\/page"}],"author":[{"embeddable":true,"href":"https:\/\/cascinabo.it\/it\/wp-json\/wp\/v2\/users\/1"}],"replies":[{"embeddable":true,"href":"https:\/\/cascinabo.it\/it\/wp-json\/wp\/v2\/comments?post=2424"}],"version-history":[{"count":5,"href":"https:\/\/cascinabo.it\/it\/wp-json\/wp\/v2\/pages\/2424\/revisions"}],"predecessor-version":[{"id":2431,"href":"https:\/\/cascinabo.it\/it\/wp-json\/wp\/v2\/pages\/2424\/revisions\/2431"}],"wp:attachment":[{"href":"https:\/\/cascinabo.it\/it\/wp-json\/wp\/v2\/media?parent=2424"}],"curies":[{"name":"wp","href":"https:\/\/api.w.org\/{rel}","templated":true}]}}